{"id":230,"date":"2024-08-16T14:44:09","date_gmt":"2024-08-16T14:44:09","guid":{"rendered":"https:\/\/mrpachocasino1.com\/registration-login\/"},"modified":"2025-02-24T13:35:05","modified_gmt":"2025-02-24T13:35:05","slug":"registration-login","status":"publish","type":"page","link":"https:\/\/mrpachocasino1.com\/fi\/registration-login\/","title":{"rendered":"Registration &#038; Login"},"content":{"rendered":"<h1><a class=\"thirstylink\" title=\"MrPacho\" href=\"https:\/\/mrpachocasino1.com\/recommends\/mrpacho\/\"><img loading=\"lazy\" decoding=\"async\" class=\"aligncenter size-full wp-image-43\" src=\"https:\/\/mrpachocasino1.com\/wp-content\/uploads\/2024\/08\/Registration-Login.webp\" alt=\"Registration &amp; Login\" width=\"1200\" height=\"600\" srcset=\"https:\/\/mrpachocasino1.com\/wp-content\/uploads\/2024\/08\/Registration-Login.webp 1200w, https:\/\/mrpachocasino1.com\/wp-content\/uploads\/2024\/08\/Registration-Login-300x150.webp 300w, https:\/\/mrpachocasino1.com\/wp-content\/uploads\/2024\/08\/Registration-Login-1024x512.webp 1024w, https:\/\/mrpachocasino1.com\/wp-content\/uploads\/2024\/08\/Registration-Login-768x384.webp 768w\" sizes=\"auto, (max-width: 1200px) 100vw, 1200px\" \/><\/a><\/h1>\n<h1><b>Mr. Pacho Casinon Rekister\u00f6ityminen ja Kirjautuminen<\/b><\/h1>\n<p><span style=\"font-weight: 400;\">Mr. Pacho Casino on nopeasti noussut suosituksi kohteeksi online-pelej\u00e4 rakastaville, tarjoten laajan pelivalikoiman ja k\u00e4ytt\u00e4j\u00e4yst\u00e4v\u00e4llisen k\u00e4ytt\u00f6liittym\u00e4n. Aloittaaksesi j\u00e4nnitt\u00e4v\u00e4n seikkailun, uusien pelaajien tulee suorittaa kirjautumisprosessi ja rekister\u00f6ity\u00e4 Mr. Pacho Casinolle. T\u00e4ss\u00e4 artikkelissa k\u00e4ymme l\u00e4pi jokaisen vaiheen, jotta kokemuksesi olisi mahdollisimman sujuva.<\/span><\/p>\n<h2><b>Rekister\u00f6ityminen Mr. Pacho Casinolla<\/b><\/h2>\n<p><span style=\"font-weight: 400;\">Ennen kuin voit pelata Mr. Pacho Casinolla, sinun on luotava tili. Rekister\u00f6itymisprosessi on yksinkertainen ja sen voi saada valmiiksi muutamassa minuutissa. T\u00e4ss\u00e4 vaihe vaiheelta -opas:<\/span><\/p>\n<p><b>Vaihe 1: Siirry Mr. Pacho Casinon verkkosivustolle<\/b><b><br \/>\n<\/b><span style=\"font-weight: 400;\"> Aloittaaksesi, k\u00e4y Mr. Pacho Casinon virallisella verkkosivustolla. Varmista, ett\u00e4 olet oikealla sivulla suojellaksesi henkil\u00f6kohtaiset tietosi. Voit tarkistaa tietoturvaprotokollat, kuten HTTPS, ja etsi\u00e4 virallisia sertifikaatteja.<\/span><\/p>\n<p><b>Vaihe 2: Klikkaa rekister\u00f6itymispainiketta<\/b><b><br \/>\n<\/b><span style=\"font-weight: 400;\"> Kun olet sivuston etusivulla, etsi painike &#8220;Rejestracja&#8221; tai &#8220;Zarejestruj si\u0119&#8221;, joka yleens\u00e4 sijaitsee oikeassa yl\u00e4kulmassa. Painikkeen klikkaaminen vie sinut rekister\u00f6itymislomakkeelle.<\/span><\/p>\n<p><b>Vaihe 3: T\u00e4yt\u00e4 rekister\u00f6itymislomake<\/b><b><br \/>\n<\/b><span style=\"font-weight: 400;\"> Rekister\u00f6itymislomakkeessa sinun tulee antaa perustiedot, kuten:<\/span><\/p>\n<ul>\n<li style=\"font-weight: 400;\" aria-level=\"1\"><b>Etunimi ja sukunimi:<\/b><span style=\"font-weight: 400;\"> Anna nimesi virallisen henkil\u00f6todistuksen mukaisesti.<\/span><\/li>\n<li style=\"font-weight: 400;\" aria-level=\"1\"><b>S\u00e4hk\u00f6postiosoite:<\/b><span style=\"font-weight: 400;\"> Varmista, ett\u00e4 kirjoitat oikein s\u00e4hk\u00f6postiosoitteesi, josta sinulla on p\u00e4\u00e4sy. Sit\u00e4 k\u00e4ytet\u00e4\u00e4n tilin vahvistukseen ja palauttamiseen.<\/span><\/li>\n<li style=\"font-weight: 400;\" aria-level=\"1\"><b>Syntym\u00e4aika:<\/b><span style=\"font-weight: 400;\"> Vahvista ik\u00e4si antamalla syntym\u00e4aikasi, jotta t\u00e4yt\u00e4t rahapelaamisen ik\u00e4vaatimukset.<\/span><\/li>\n<li style=\"font-weight: 400;\" aria-level=\"1\"><b>K\u00e4ytt\u00e4j\u00e4tunnus ja salasana:<\/b><span style=\"font-weight: 400;\"> Valitse ainutlaatuinen k\u00e4ytt\u00e4j\u00e4tunnus ja vahva salasana. On suositeltavaa k\u00e4ytt\u00e4\u00e4 kirjainten, numeroiden ja erikoismerkkien yhdistelm\u00e4\u00e4 turvallisuuden takaamiseksi.<\/span><\/li>\n<li style=\"font-weight: 400;\" aria-level=\"1\"><b>Suosittu valuutta:<\/b><span style=\"font-weight: 400;\"> Ilmoita valuutta, jota haluat k\u00e4ytt\u00e4\u00e4 sivuston tapahtumissa.<\/span><\/li>\n<\/ul>\n<p><b>Vaihe 4: Hyv\u00e4ksy k\u00e4ytt\u00f6ehdot<\/b><b><br \/>\n<\/b><span style=\"font-weight: 400;\"> Ennen rekister\u00f6innin loppuun saattamista sinun tulee tutustua Mr. Pacho Casinon k\u00e4ytt\u00f6ehtoihin ja hyv\u00e4ksy\u00e4 ne. T\u00e4m\u00e4 on ratkaiseva vaihe, sill\u00e4 se m\u00e4\u00e4ritt\u00e4\u00e4 oikeutesi ja velvollisuutesi pelaajana. Varmista, ett\u00e4 ymm\u00e4rr\u00e4t kaikki ehdot ennen jatkamista.<\/span><\/p>\n<p><b>Vaihe 5: Vahvista s\u00e4hk\u00f6postiosoitteesi<\/b><b><br \/>\n<\/b><span style=\"font-weight: 400;\"> L\u00e4hetetty\u00e4si rekister\u00f6itymislomakkeen, tarkista s\u00e4hk\u00f6postilaatikkosi vahvistusviestin varalta Mr. Pacho Casinolta. Seuraa s\u00e4hk\u00f6postissa annettuja ohjeita tilisi vahvistamiseksi. T\u00e4m\u00e4 vaihe lis\u00e4\u00e4 turvallisuutta ja suojaa pelikokemustasi.<\/span><\/p>\n<p><span style=\"font-weight: 400;\">Kun tilisi on onnistuneesti luotu ja vahvistettu, voit siirty\u00e4 kirjautumaan Mr. Pacho Casinolle.<\/span><\/p>\n<div class=\"centered-button-container\">\n<div class=\"button-game-container\"><a class=\"button-games-full-width thirstylink\" href=\"https:\/\/mrpachocasino1.com\/recommends\/mrpacho\/\">Kirjaudu sis\u00e4\u00e4n<\/a><br \/>\n<a class=\"button-games-full-width-right thirstylink\" href=\"https:\/\/mrpachocasino1.com\/recommends\/mrpacho\/\">Rekister\u00f6idy<\/a><\/div>\n<\/div>\n<h2><b>Kirjautumisprosessi Mr. Pacho Casinolla<\/b><\/h2>\n<p><span style=\"font-weight: 400;\">Kirjautuminen Mr. Pacho Casinon tilille on yksinkertainen prosessi, jonka avulla p\u00e4\u00e4set k\u00e4siksi peleihin, tilin asetuksiin ja kampanjoihin. N\u00e4in se tehd\u00e4\u00e4n vaihe vaiheelta:<\/span><\/p>\n<p><b>Vaihe 1: Siirry Mr. Pacho Casinon etusivulle<\/b><b><br \/>\n<\/b><span style=\"font-weight: 400;\"> Aloita k\u00e4ym\u00e4ll\u00e4 sivuston etusivulla.<\/span><\/p>\n<p><b>Vaihe 2: Klikkaa kirjautumispainiketta<\/b><b><br \/>\n<\/b><span style=\"font-weight: 400;\"> Etusivulta etsi painike &#8220;Zaloguj si\u0119&#8221;, joka yleens\u00e4 sijaitsee rekister\u00f6itymispainikkeen l\u00e4heisyydess\u00e4. Klikkaamalla sit\u00e4 siirryt kirjautumissivulle.<\/span><\/p>\n<p><b>Vaihe 3: Sy\u00f6t\u00e4 kirjautumistietosi<\/b><\/p>\n<ul>\n<li style=\"font-weight: 400;\" aria-level=\"1\"><b>K\u00e4ytt\u00e4j\u00e4tunnus:<\/b><span style=\"font-weight: 400;\"> Kirjoita se ainutlaatuinen k\u00e4ytt\u00e4j\u00e4tunnus, jonka loit rekister\u00f6itymisen yhteydess\u00e4.<\/span><\/li>\n<li style=\"font-weight: 400;\" aria-level=\"1\"><b>Salasana:<\/b><span style=\"font-weight: 400;\"> Sy\u00f6t\u00e4 salasanasi. Varmista, ettet tee kirjoitusvirheit\u00e4 tai k\u00e4yt\u00e4 v\u00e4\u00e4r\u00e4\u00e4 kirjainkokoa.<\/span><\/li>\n<\/ul>\n<p><b>Vaihe 4: Kaksivaiheinen tunnistautuminen (jos k\u00e4yt\u00f6ss\u00e4)<\/b><b><br \/>\n<\/b><span style=\"font-weight: 400;\"> Jos olet ottanut k\u00e4ytt\u00f6\u00f6n kaksivaiheisen tunnistautumisen (2FA) tilill\u00e4si, sinun tulee k\u00e4yd\u00e4 t\u00e4m\u00e4 vaihe l\u00e4pi. K\u00e4ytt\u00e4j\u00e4tunnuksen ja salasanan sy\u00f6tt\u00e4misen j\u00e4lkeen sinua pyydet\u00e4\u00e4n sy\u00f6tt\u00e4m\u00e4\u00e4n koodi, joka l\u00e4hetet\u00e4\u00e4n s\u00e4hk\u00f6postiosoitteeseesi tai puhelimeesi. T\u00e4m\u00e4 on lis\u00e4suoja tilillesi.<\/span><\/p>\n<p><b>Vaihe 5: Kirjaudu sis\u00e4\u00e4n<\/b><b><br \/>\n<\/b><span style=\"font-weight: 400;\"> Kun olet sy\u00f6tt\u00e4nyt kirjautumistiedot ja mahdolliset lis\u00e4vaiheet, klikkaa painiketta &#8220;Zaloguj si\u0119&#8221;. Jos tietosi ovat oikein, sinut ohjataan k\u00e4ytt\u00e4j\u00e4paneeliisi.<\/span><\/p>\n<p><span style=\"font-weight: 400;\">Noudattamalla yll\u00e4 olevia vaiheita voit helposti luoda tilin ja aloittaa laajan pelivalikoiman hy\u00f6dynt\u00e4misen Mr. Pacho Casinolla. Muista aina pelata vastuullisesti ja nauttia pelaamisesta!<\/span><\/p>\n<p><a class=\"thirstylink\" title=\"MrPacho\" href=\"https:\/\/mrpachocasino1.com\/recommends\/mrpacho\/\"><img loading=\"lazy\" decoding=\"async\" class=\"aligncenter size-full wp-image-44\" src=\"https:\/\/mrpachocasino1.com\/wp-content\/uploads\/2024\/08\/Login-Process.webp\" alt=\"Login Process\" width=\"1200\" height=\"600\" srcset=\"https:\/\/mrpachocasino1.com\/wp-content\/uploads\/2024\/08\/Login-Process.webp 1200w, https:\/\/mrpachocasino1.com\/wp-content\/uploads\/2024\/08\/Login-Process-300x150.webp 300w, https:\/\/mrpachocasino1.com\/wp-content\/uploads\/2024\/08\/Login-Process-1024x512.webp 1024w, https:\/\/mrpachocasino1.com\/wp-content\/uploads\/2024\/08\/Login-Process-768x384.webp 768w\" sizes=\"auto, (max-width: 1200px) 100vw, 1200px\" \/><\/a><\/p>\n","protected":false},"excerpt":{"rendered":"<p>Mr. Pacho Casinon Rekister\u00f6ityminen ja Kirjautuminen Mr. Pacho Casino on nopeasti noussut suosituksi kohteeksi online-pelej\u00e4 rakastaville, tarjoten laajan pelivalikoiman ja [&hellip;]<\/p>\n","protected":false},"author":1,"featured_media":0,"parent":0,"menu_order":0,"comment_status":"closed","ping_status":"closed","template":"","meta":{"site-sidebar-layout":"default","site-content-layout":"","ast-site-content-layout":"default","site-content-style":"default","site-sidebar-style":"default","ast-global-header-display":"","ast-banner-title-visibility":"","ast-main-header-display":"","ast-hfb-above-header-display":"","ast-hfb-below-header-display":"","ast-hfb-mobile-header-display":"","site-post-title":"","ast-breadcrumbs-content":"","ast-featured-img":"","footer-sml-layout":"","theme-transparent-header-meta":"default","adv-header-id-meta":"","stick-header-meta":"","header-above-stick-meta":"","header-main-stick-meta":"","header-below-stick-meta":"","astra-migrate-meta-layouts":"set","ast-page-background-enabled":"default","ast-page-background-meta":{"desktop":{"background-color":"var(--ast-global-color-4)","background-image":"","background-repeat":"repeat","background-position":"center center","background-size":"auto","background-attachment":"scroll","background-type":"","background-media":"","overlay-type":"","overlay-color":"","overlay-opacity":"","overlay-gradient":""},"tablet":{"background-color":"","background-image":"","background-repeat":"repeat","background-position":"center center","background-size":"auto","background-attachment":"scroll","background-type":"","background-media":"","overlay-type":"","overlay-color":"","overlay-opacity":"","overlay-gradient":""},"mobile":{"background-color":"","background-image":"","background-repeat":"repeat","background-position":"center center","background-size":"auto","background-attachment":"scroll","background-type":"","background-media":"","overlay-type":"","overlay-color":"","overlay-opacity":"","overlay-gradient":""}},"ast-content-background-meta":{"desktop":{"background-color":"var(--ast-global-color-5)","background-image":"","background-repeat":"repeat","background-position":"center center","background-size":"auto","background-attachment":"scroll","background-type":"","background-media":"","overlay-type":"","overlay-color":"","overlay-opacity":"","overlay-gradient":""},"tablet":{"background-color":"var(--ast-global-color-5)","background-image":"","background-repeat":"repeat","background-position":"center center","background-size":"auto","background-attachment":"scroll","background-type":"","background-media":"","overlay-type":"","overlay-color":"","overlay-opacity":"","overlay-gradient":""},"mobile":{"background-color":"var(--ast-global-color-5)","background-image":"","background-repeat":"repeat","background-position":"center center","background-size":"auto","background-attachment":"scroll","background-type":"","background-media":"","overlay-type":"","overlay-color":"","overlay-opacity":"","overlay-gradient":""}},"footnotes":""},"class_list":["post-230","page","type-page","status-publish","hentry"],"yoast_head":"<!-- This site is optimized with the Yoast SEO plugin v24.3 - https:\/\/yoast.com\/wordpress\/plugins\/seo\/ -->\n<title>Mr Pacho Casino Kirjautuminen &amp; Rekister\u00f6inti<\/title>\n<meta name=\"description\" content=\"Mr Pacho Casino kirjautumisprosessi selitetty. Rekister\u00f6inti saatavilla kaikille uusille pelaajille. Hanki tervetuliaisbonus ja voita isoja palkintoja!\" \/>\n<meta name=\"robots\" content=\"index, follow, max-snippet:-1, max-image-preview:large, max-video-preview:-1\" \/>\n<link rel=\"canonical\" href=\"https:\/\/mrpachocasino1.com\/fi\/registration-login\/\" \/>\n<meta property=\"og:locale\" content=\"fi_FI\" \/>\n<meta property=\"og:type\" content=\"article\" \/>\n<meta property=\"og:title\" content=\"Mr Pacho Casino Kirjautuminen &amp; Rekister\u00f6inti\" \/>\n<meta property=\"og:description\" content=\"Mr Pacho Casino kirjautumisprosessi selitetty. Rekister\u00f6inti saatavilla kaikille uusille pelaajille. Hanki tervetuliaisbonus ja voita isoja palkintoja!\" \/>\n<meta property=\"og:url\" content=\"https:\/\/mrpachocasino1.com\/fi\/registration-login\/\" \/>\n<meta property=\"article:modified_time\" content=\"2025-02-24T13:35:05+00:00\" \/>\n<meta property=\"og:image\" content=\"https:\/\/mrpachocasino1.com\/wp-content\/uploads\/2024\/08\/Registration-Login.webp\" \/>\n\t<meta property=\"og:image:width\" content=\"1200\" \/>\n\t<meta property=\"og:image:height\" content=\"600\" \/>\n\t<meta property=\"og:image:type\" content=\"image\/webp\" \/>\n<meta name=\"twitter:card\" content=\"summary_large_image\" \/>\n<meta name=\"twitter:label1\" content=\"Arvioitu lukuaika\" \/>\n\t<meta name=\"twitter:data1\" content=\"3 minuuttia\" \/>\n<script type=\"application\/ld+json\" class=\"yoast-schema-graph\">{\"@context\":\"https:\/\/schema.org\",\"@graph\":[{\"@type\":\"WebPage\",\"@id\":\"https:\/\/mrpachocasino1.com\/fi\/registration-login\/\",\"url\":\"https:\/\/mrpachocasino1.com\/fi\/registration-login\/\",\"name\":\"Mr Pacho Casino Kirjautuminen & Rekister\u00f6inti\",\"isPartOf\":{\"@id\":\"https:\/\/mrpachocasino1.com\/fi\/#website\"},\"primaryImageOfPage\":{\"@id\":\"https:\/\/mrpachocasino1.com\/fi\/registration-login\/#primaryimage\"},\"image\":{\"@id\":\"https:\/\/mrpachocasino1.com\/fi\/registration-login\/#primaryimage\"},\"thumbnailUrl\":\"https:\/\/mrpachocasino1.com\/wp-content\/uploads\/2024\/08\/Registration-Login.webp\",\"datePublished\":\"2024-08-16T14:44:09+00:00\",\"dateModified\":\"2025-02-24T13:35:05+00:00\",\"description\":\"Mr Pacho Casino kirjautumisprosessi selitetty. Rekister\u00f6inti saatavilla kaikille uusille pelaajille. Hanki tervetuliaisbonus ja voita isoja palkintoja!\",\"breadcrumb\":{\"@id\":\"https:\/\/mrpachocasino1.com\/fi\/registration-login\/#breadcrumb\"},\"inLanguage\":\"fi\",\"potentialAction\":[{\"@type\":\"ReadAction\",\"target\":[\"https:\/\/mrpachocasino1.com\/fi\/registration-login\/\"]}]},{\"@type\":\"ImageObject\",\"inLanguage\":\"fi\",\"@id\":\"https:\/\/mrpachocasino1.com\/fi\/registration-login\/#primaryimage\",\"url\":\"https:\/\/mrpachocasino1.com\/wp-content\/uploads\/2024\/08\/Registration-Login.webp\",\"contentUrl\":\"https:\/\/mrpachocasino1.com\/wp-content\/uploads\/2024\/08\/Registration-Login.webp\"},{\"@type\":\"BreadcrumbList\",\"@id\":\"https:\/\/mrpachocasino1.com\/fi\/registration-login\/#breadcrumb\",\"itemListElement\":[{\"@type\":\"ListItem\",\"position\":1,\"name\":\"Home\",\"item\":\"https:\/\/mrpachocasino1.com\/fi\/\"},{\"@type\":\"ListItem\",\"position\":2,\"name\":\"Registration &#038; Login\"}]},{\"@type\":\"WebSite\",\"@id\":\"https:\/\/mrpachocasino1.com\/fi\/#website\",\"url\":\"https:\/\/mrpachocasino1.com\/fi\/\",\"name\":\"\",\"description\":\"\",\"potentialAction\":[{\"@type\":\"SearchAction\",\"target\":{\"@type\":\"EntryPoint\",\"urlTemplate\":\"https:\/\/mrpachocasino1.com\/fi\/?s={search_term_string}\"},\"query-input\":{\"@type\":\"PropertyValueSpecification\",\"valueRequired\":true,\"valueName\":\"search_term_string\"}}],\"inLanguage\":\"fi\"}]}<\/script>\n<!-- \/ Yoast SEO plugin. -->","yoast_head_json":{"title":"Mr Pacho Casino Kirjautuminen & Rekister\u00f6inti","description":"Mr Pacho Casino kirjautumisprosessi selitetty. Rekister\u00f6inti saatavilla kaikille uusille pelaajille. Hanki tervetuliaisbonus ja voita isoja palkintoja!","robots":{"index":"index","follow":"follow","max-snippet":"max-snippet:-1","max-image-preview":"max-image-preview:large","max-video-preview":"max-video-preview:-1"},"canonical":"https:\/\/mrpachocasino1.com\/fi\/registration-login\/","og_locale":"fi_FI","og_type":"article","og_title":"Mr Pacho Casino Kirjautuminen & Rekister\u00f6inti","og_description":"Mr Pacho Casino kirjautumisprosessi selitetty. Rekister\u00f6inti saatavilla kaikille uusille pelaajille. Hanki tervetuliaisbonus ja voita isoja palkintoja!","og_url":"https:\/\/mrpachocasino1.com\/fi\/registration-login\/","article_modified_time":"2025-02-24T13:35:05+00:00","og_image":[{"width":1200,"height":600,"url":"https:\/\/mrpachocasino1.com\/wp-content\/uploads\/2024\/08\/Registration-Login.webp","type":"image\/webp"}],"twitter_card":"summary_large_image","twitter_misc":{"Arvioitu lukuaika":"3 minuuttia"},"schema":{"@context":"https:\/\/schema.org","@graph":[{"@type":"WebPage","@id":"https:\/\/mrpachocasino1.com\/fi\/registration-login\/","url":"https:\/\/mrpachocasino1.com\/fi\/registration-login\/","name":"Mr Pacho Casino Kirjautuminen & Rekister\u00f6inti","isPartOf":{"@id":"https:\/\/mrpachocasino1.com\/fi\/#website"},"primaryImageOfPage":{"@id":"https:\/\/mrpachocasino1.com\/fi\/registration-login\/#primaryimage"},"image":{"@id":"https:\/\/mrpachocasino1.com\/fi\/registration-login\/#primaryimage"},"thumbnailUrl":"https:\/\/mrpachocasino1.com\/wp-content\/uploads\/2024\/08\/Registration-Login.webp","datePublished":"2024-08-16T14:44:09+00:00","dateModified":"2025-02-24T13:35:05+00:00","description":"Mr Pacho Casino kirjautumisprosessi selitetty. Rekister\u00f6inti saatavilla kaikille uusille pelaajille. Hanki tervetuliaisbonus ja voita isoja palkintoja!","breadcrumb":{"@id":"https:\/\/mrpachocasino1.com\/fi\/registration-login\/#breadcrumb"},"inLanguage":"fi","potentialAction":[{"@type":"ReadAction","target":["https:\/\/mrpachocasino1.com\/fi\/registration-login\/"]}]},{"@type":"ImageObject","inLanguage":"fi","@id":"https:\/\/mrpachocasino1.com\/fi\/registration-login\/#primaryimage","url":"https:\/\/mrpachocasino1.com\/wp-content\/uploads\/2024\/08\/Registration-Login.webp","contentUrl":"https:\/\/mrpachocasino1.com\/wp-content\/uploads\/2024\/08\/Registration-Login.webp"},{"@type":"BreadcrumbList","@id":"https:\/\/mrpachocasino1.com\/fi\/registration-login\/#breadcrumb","itemListElement":[{"@type":"ListItem","position":1,"name":"Home","item":"https:\/\/mrpachocasino1.com\/fi\/"},{"@type":"ListItem","position":2,"name":"Registration &#038; Login"}]},{"@type":"WebSite","@id":"https:\/\/mrpachocasino1.com\/fi\/#website","url":"https:\/\/mrpachocasino1.com\/fi\/","name":"","description":"","potentialAction":[{"@type":"SearchAction","target":{"@type":"EntryPoint","urlTemplate":"https:\/\/mrpachocasino1.com\/fi\/?s={search_term_string}"},"query-input":{"@type":"PropertyValueSpecification","valueRequired":true,"valueName":"search_term_string"}}],"inLanguage":"fi"}]}},"_links":{"self":[{"href":"https:\/\/mrpachocasino1.com\/fi\/wp-json\/wp\/v2\/pages\/230","targetHints":{"allow":["GET"]}}],"collection":[{"href":"https:\/\/mrpachocasino1.com\/fi\/wp-json\/wp\/v2\/pages"}],"about":[{"href":"https:\/\/mrpachocasino1.com\/fi\/wp-json\/wp\/v2\/types\/page"}],"author":[{"embeddable":true,"href":"https:\/\/mrpachocasino1.com\/fi\/wp-json\/wp\/v2\/users\/1"}],"replies":[{"embeddable":true,"href":"https:\/\/mrpachocasino1.com\/fi\/wp-json\/wp\/v2\/comments?post=230"}],"version-history":[{"count":1,"href":"https:\/\/mrpachocasino1.com\/fi\/wp-json\/wp\/v2\/pages\/230\/revisions"}],"predecessor-version":[{"id":236,"href":"https:\/\/mrpachocasino1.com\/fi\/wp-json\/wp\/v2\/pages\/230\/revisions\/236"}],"wp:attachment":[{"href":"https:\/\/mrpachocasino1.com\/fi\/wp-json\/wp\/v2\/media?parent=230"}],"curies":[{"name":"wp","href":"https:\/\/api.w.org\/{rel}","templated":true}]}}