{"id":199,"date":"2024-08-16T14:44:09","date_gmt":"2024-08-16T14:44:09","guid":{"rendered":"https:\/\/mrpachocasino1.com\/registration-login\/"},"modified":"2025-02-24T13:02:09","modified_gmt":"2025-02-24T13:02:09","slug":"registration-login","status":"publish","type":"page","link":"https:\/\/mrpachocasino1.com\/pl\/registration-login\/","title":{"rendered":"Registration &#038; Login"},"content":{"rendered":"<h1><a class=\"thirstylink\" title=\"MrPacho\" href=\"https:\/\/mrpachocasino1.com\/recommends\/mrpacho\/\"><img loading=\"lazy\" decoding=\"async\" class=\"aligncenter size-full wp-image-43\" src=\"https:\/\/mrpachocasino1.com\/wp-content\/uploads\/2024\/08\/Registration-Login.webp\" alt=\"Registration &amp; Login\" width=\"1200\" height=\"600\" srcset=\"https:\/\/mrpachocasino1.com\/wp-content\/uploads\/2024\/08\/Registration-Login.webp 1200w, https:\/\/mrpachocasino1.com\/wp-content\/uploads\/2024\/08\/Registration-Login-300x150.webp 300w, https:\/\/mrpachocasino1.com\/wp-content\/uploads\/2024\/08\/Registration-Login-1024x512.webp 1024w, https:\/\/mrpachocasino1.com\/wp-content\/uploads\/2024\/08\/Registration-Login-768x384.webp 768w\" sizes=\"auto, (max-width: 1200px) 100vw, 1200px\" \/><\/a><\/h1>\n<p>Mr. Pacho Casino szybko sta\u0142o si\u0119 popularnym miejscem dla mi\u0142o\u015bnik\u00f3w gier online, oferuj\u0105c szeroki wyb\u00f3r gier i przyjazny interfejs. Aby rozpocz\u0105\u0107 ekscytuj\u0105c\u0105 przygod\u0119, nowi gracze musz\u0105 uko\u0144czy\u0107 proces logowania do Mr. Pacho Casino i zarejestrowa\u0107 konto. W tym artykule przeprowadzimy Ci\u0119 przez ka\u017cdy etap, aby Twoje do\u015bwiadczenie by\u0142o jak najbardziej p\u0142ynne.<\/p>\n<h2>Rejestracja w Mr. Pacho Casino<\/h2>\n<p>Zanim b\u0119dziesz m\u00f3g\u0142 gra\u0107 w Mr. Pacho Casino, musisz za\u0142o\u017cy\u0107 konto. Proces rejestracji jest prosty i mo\u017cna go uko\u0144czy\u0107 w kilka minut. Oto przewodnik krok po kroku:<\/p>\n<h3>Krok 1: Odwied\u017a stron\u0119 internetow\u0105 Mr. Pacho Casino<\/h3>\n<p>Aby rozpocz\u0105\u0107, przejd\u017a na oficjaln\u0105 stron\u0119 internetow\u0105 Mr. Pacho Casino. Upewnij si\u0119, \u017ce jeste\u015b na autentycznej stronie, aby chroni\u0107 swoje dane osobowe. Mo\u017cesz to zrobi\u0107, sprawdzaj\u0105c protoko\u0142y bezpiecze\u0144stwa, takie jak HTTPS, oraz szukaj\u0105c oficjalnych certyfikat\u00f3w.<\/p>\n<h3>Krok 2: Kliknij przycisk rejestracji<\/h3>\n<p>Po wej\u015bciu na stron\u0119 g\u0142\u00f3wn\u0105 poszukaj przycisku \u201eRejestracja\u201d lub \u201eZarejestruj si\u0119\u201d, kt\u00f3ry zazwyczaj znajduje si\u0119 w prawym g\u00f3rnym rogu ekranu. Klikni\u0119cie tego przycisku przeniesie Ci\u0119 do formularza rejestracyjnego.<\/p>\n<h3>Krok 3: Wype\u0142nij formularz rejestracyjny<\/h3>\n<p>Formularz rejestracyjny wymaga podania podstawowych informacji osobowych, w tym:<\/p>\n<ul>\n<li style=\"font-weight: 400;\" aria-level=\"1\"><b>Imi\u0119 i nazwisko<\/b><span style=\"font-weight: 400;\">: Podaj swoje imi\u0119 i nazwisko zgodnie z dokumentem to\u017csamo\u015bci.<\/span><\/li>\n<li style=\"font-weight: 400;\" aria-level=\"1\"><b>Adres e-mail<\/b><span style=\"font-weight: 400;\">: Upewnij si\u0119, \u017ce wpisujesz poprawny adres e-mail, do kt\u00f3rego masz dost\u0119p. B\u0119dzie on niezb\u0119dny do weryfikacji i odzyskiwania konta.<\/span><\/li>\n<li style=\"font-weight: 400;\" aria-level=\"1\"><b>Data urodzenia<\/b><span style=\"font-weight: 400;\">: Aby spe\u0142ni\u0107 wymogi dotycz\u0105ce wieku hazardowego, musisz potwierdzi\u0107 sw\u00f3j wiek, podaj\u0105c dat\u0119 urodzenia.<\/span><\/li>\n<li style=\"font-weight: 400;\" aria-level=\"1\"><b>Nazwa u\u017cytkownika i has\u0142o<\/b><span style=\"font-weight: 400;\">: Wybierz unikaln\u0105 nazw\u0119 u\u017cytkownika oraz silne has\u0142o. Zaleca si\u0119 u\u017cycie kombinacji liter, cyfr i symboli dla bezpiecze\u0144stwa.<\/span><\/li>\n<li style=\"font-weight: 400;\" aria-level=\"1\"><b>Preferowana waluta<\/b><span style=\"font-weight: 400;\">: Wska\u017c walut\u0119, kt\u00f3rej chcesz u\u017cywa\u0107 do transakcji na stronie.<\/span><\/li>\n<\/ul>\n<h3>Krok 4: Zaakceptuj regulamin<\/h3>\n<p>Przed zako\u0144czeniem rejestracji musisz zapozna\u0107 si\u0119 z regulaminem Mr. Pacho Casino i go zaakceptowa\u0107. Jest to kluczowy krok, poniewa\u017c okre\u015bla on Twoje prawa i obowi\u0105zki jako gracza. Upewnij si\u0119, \u017ce rozumiesz wszystkie warunki przed kontynuowaniem.<\/p>\n<h3>Krok 5: Zweryfikuj sw\u00f3j e-mail<\/h3>\n<p>Po przes\u0142aniu formularza rejestracyjnego sprawd\u017a swoj\u0105 skrzynk\u0119 e-mailow\u0105 pod k\u0105tem wiadomo\u015bci weryfikacyjnej od Mr. Pacho Casino. Post\u0119puj zgodnie z instrukcjami w e-mailu, aby potwierdzi\u0107 swoje konto. Ten krok zwi\u0119ksza bezpiecze\u0144stwo i pomaga chroni\u0107 Twoje do\u015bwiadczenie z grami.<\/p>\n<p>Gdy Twoje konto zostanie pomy\u015blnie utworzone i zweryfikowane, mo\u017cesz przej\u015b\u0107 do logowania do Mr. Pacho Casino.<\/p>\n<div class=\"centered-button-container\">\n<div class=\"button-game-container\"><a class=\"button-games-full-width thirstylink\" href=\"https:\/\/mrpachocasino1.com\/recommends\/mrpacho\/\">Zaloguj si\u0119<\/a><br \/>\n<a class=\"button-games-full-width-right thirstylink\" href=\"https:\/\/mrpachocasino1.com\/recommends\/mrpacho\/\">Zarejestruj si\u0119<\/a><\/div>\n<\/div>\n<h2><b>Proces logowania do Mr. Pacho Casino<\/b><\/h2>\n<p><span style=\"font-weight: 400;\">Logowanie do konta Mr. Pacho Casino jest prostym procesem, kt\u00f3ry pozwala na dost\u0119p do gier, ustawie\u0144 konta i promocji. Oto jak to zrobi\u0107 krok po kroku:<\/span><\/p>\n<h3><b>Krok 1: Przejd\u017a na stron\u0119 g\u0142\u00f3wn\u0105 Mr. Pacho Casino<\/b><\/h3>\n<h3><b>Krok 2: Kliknij przycisk logowania<\/b><\/h3>\n<p><span style=\"font-weight: 400;\">Na stronie g\u0142\u00f3wnej znajd\u017a przycisk \u201eZaloguj si\u0119\u201d, kt\u00f3ry zazwyczaj znajduje si\u0119 w pobli\u017cu przycisku rejestracji. Klikni\u0119cie go przeniesie Ci\u0119 do strony logowania.<\/span><\/p>\n<h3><b>Krok 3: Wpisz swoje dane logowania<\/b><\/h3>\n<ul>\n<li style=\"font-weight: 400;\" aria-level=\"1\"><b>Nazwa u\u017cytkownika<\/b><span style=\"font-weight: 400;\">: Wprowad\u017a unikaln\u0105 nazw\u0119 u\u017cytkownika utworzon\u0105 podczas rejestracji.<\/span><\/li>\n<li style=\"font-weight: 400;\" aria-level=\"1\"><b>Has\u0142o<\/b><span style=\"font-weight: 400;\">: Wpisz swoje has\u0142o. Upewnij si\u0119, \u017ce nie pope\u0142niasz b\u0142\u0119d\u00f3w w pisowni lub wielkich literach.<\/span><\/li>\n<\/ul>\n<h3><b>Krok 4: Uwierzytelnianie dwusk\u0142adnikowe (je\u015bli w\u0142\u0105czone)<\/b><\/h3>\n<p><span style=\"font-weight: 400;\">Je\u015bli w\u0142\u0105czy\u0142e\u015b uwierzytelnianie dwusk\u0142adnikowe (2FA) na swoim koncie, musisz przej\u015b\u0107 przez ten etap. Po wpisaniu nazwy u\u017cytkownika i has\u0142a mo\u017ce pojawi\u0107 si\u0119 monit o wprowadzenie kodu wys\u0142anego na Tw\u00f3j adres e-mail lub telefon. To dodatkowa warstwa zabezpiecze\u0144 dla Twojego konta.<\/span><\/p>\n<h3><b>Krok 5: Zaloguj si\u0119<\/b><\/h3>\n<p><span style=\"font-weight: 400;\">Po wprowadzeniu danych logowania i przej\u015bciu przez ewentualne dodatkowe kroki uwierzytelniania kliknij przycisk \u201eZaloguj si\u0119\u201d. Je\u015bli dane zosta\u0142y wpisane poprawnie, zostaniesz przekierowany do swojego panelu u\u017cytkownika.<\/span><\/p>\n<p><span style=\"font-weight: 400;\">Przestrzegaj\u0105c powy\u017cszych krok\u00f3w, mo\u017cesz \u0142atwo utworzy\u0107 konto i rozpocz\u0105\u0107 korzystanie z szerokiej gamy gier dost\u0119pnych w Mr. Pacho Casino. Pami\u0119taj, aby zawsze gra\u0107 odpowiedzialnie i cieszy\u0107 si\u0119 rozgrywk\u0105!<\/span><\/p>\n<p><a class=\"thirstylink\" title=\"MrPacho\" href=\"https:\/\/mrpachocasino1.com\/recommends\/mrpacho\/\"><img loading=\"lazy\" decoding=\"async\" class=\"aligncenter size-full wp-image-44\" src=\"https:\/\/mrpachocasino1.com\/wp-content\/uploads\/2024\/08\/Login-Process.webp\" alt=\"Login Process\" width=\"1200\" height=\"600\" srcset=\"https:\/\/mrpachocasino1.com\/wp-content\/uploads\/2024\/08\/Login-Process.webp 1200w, https:\/\/mrpachocasino1.com\/wp-content\/uploads\/2024\/08\/Login-Process-300x150.webp 300w, https:\/\/mrpachocasino1.com\/wp-content\/uploads\/2024\/08\/Login-Process-1024x512.webp 1024w, https:\/\/mrpachocasino1.com\/wp-content\/uploads\/2024\/08\/Login-Process-768x384.webp 768w\" sizes=\"auto, (max-width: 1200px) 100vw, 1200px\" \/><\/a><\/p>\n","protected":false},"excerpt":{"rendered":"<p>Mr. Pacho Casino szybko sta\u0142o si\u0119 popularnym miejscem dla mi\u0142o\u015bnik\u00f3w gier online, oferuj\u0105c szeroki wyb\u00f3r gier i przyjazny interfejs. Aby [&hellip;]<\/p>\n","protected":false},"author":1,"featured_media":0,"parent":0,"menu_order":0,"comment_status":"closed","ping_status":"closed","template":"","meta":{"site-sidebar-layout":"default","site-content-layout":"","ast-site-content-layout":"default","site-content-style":"default","site-sidebar-style":"default","ast-global-header-display":"","ast-banner-title-visibility":"","ast-main-header-display":"","ast-hfb-above-header-display":"","ast-hfb-below-header-display":"","ast-hfb-mobile-header-display":"","site-post-title":"","ast-breadcrumbs-content":"","ast-featured-img":"","footer-sml-layout":"","theme-transparent-header-meta":"default","adv-header-id-meta":"","stick-header-meta":"","header-above-stick-meta":"","header-main-stick-meta":"","header-below-stick-meta":"","astra-migrate-meta-layouts":"set","ast-page-background-enabled":"default","ast-page-background-meta":{"desktop":{"background-color":"var(--ast-global-color-4)","background-image":"","background-repeat":"repeat","background-position":"center center","background-size":"auto","background-attachment":"scroll","background-type":"","background-media":"","overlay-type":"","overlay-color":"","overlay-opacity":"","overlay-gradient":""},"tablet":{"background-color":"","background-image":"","background-repeat":"repeat","background-position":"center center","background-size":"auto","background-attachment":"scroll","background-type":"","background-media":"","overlay-type":"","overlay-color":"","overlay-opacity":"","overlay-gradient":""},"mobile":{"background-color":"","background-image":"","background-repeat":"repeat","background-position":"center center","background-size":"auto","background-attachment":"scroll","background-type":"","background-media":"","overlay-type":"","overlay-color":"","overlay-opacity":"","overlay-gradient":""}},"ast-content-background-meta":{"desktop":{"background-color":"var(--ast-global-color-5)","background-image":"","background-repeat":"repeat","background-position":"center center","background-size":"auto","background-attachment":"scroll","background-type":"","background-media":"","overlay-type":"","overlay-color":"","overlay-opacity":"","overlay-gradient":""},"tablet":{"background-color":"var(--ast-global-color-5)","background-image":"","background-repeat":"repeat","background-position":"center center","background-size":"auto","background-attachment":"scroll","background-type":"","background-media":"","overlay-type":"","overlay-color":"","overlay-opacity":"","overlay-gradient":""},"mobile":{"background-color":"var(--ast-global-color-5)","background-image":"","background-repeat":"repeat","background-position":"center center","background-size":"auto","background-attachment":"scroll","background-type":"","background-media":"","overlay-type":"","overlay-color":"","overlay-opacity":"","overlay-gradient":""}},"footnotes":""},"class_list":["post-199","page","type-page","status-publish","hentry"],"yoast_head":"<!-- This site is optimized with the Yoast SEO plugin v24.3 - https:\/\/yoast.com\/wordpress\/plugins\/seo\/ -->\n<title>Mr Pacho Casino Logowanie i Rejestracja<\/title>\n<meta name=\"description\" content=\"Proces logowania do Mr Pacho Casino wyja\u015bniony. Rejestracja dost\u0119pna dla wszystkich nowych graczy. Odbierz sw\u00f3j bonus powitalny i wygraj du\u017c\u0105 wygran\u0105!\" \/>\n<meta name=\"robots\" content=\"index, follow, max-snippet:-1, max-image-preview:large, max-video-preview:-1\" \/>\n<link rel=\"canonical\" href=\"https:\/\/mrpachocasino1.com\/pl\/registration-login\/\" \/>\n<meta property=\"og:locale\" content=\"pl_PL\" \/>\n<meta property=\"og:type\" content=\"article\" \/>\n<meta property=\"og:title\" content=\"Mr Pacho Casino Logowanie i Rejestracja\" \/>\n<meta property=\"og:description\" content=\"Proces logowania do Mr Pacho Casino wyja\u015bniony. Rejestracja dost\u0119pna dla wszystkich nowych graczy. Odbierz sw\u00f3j bonus powitalny i wygraj du\u017c\u0105 wygran\u0105!\" \/>\n<meta property=\"og:url\" content=\"https:\/\/mrpachocasino1.com\/pl\/registration-login\/\" \/>\n<meta property=\"article:modified_time\" content=\"2025-02-24T13:02:09+00:00\" \/>\n<meta property=\"og:image\" content=\"https:\/\/mrpachocasino1.com\/wp-content\/uploads\/2024\/08\/Registration-Login.webp\" \/>\n\t<meta property=\"og:image:width\" content=\"1200\" \/>\n\t<meta property=\"og:image:height\" content=\"600\" \/>\n\t<meta property=\"og:image:type\" content=\"image\/webp\" \/>\n<meta name=\"twitter:card\" content=\"summary_large_image\" \/>\n<meta name=\"twitter:label1\" content=\"Szacowany czas czytania\" \/>\n\t<meta name=\"twitter:data1\" content=\"3 minuty\" \/>\n<script type=\"application\/ld+json\" class=\"yoast-schema-graph\">{\"@context\":\"https:\/\/schema.org\",\"@graph\":[{\"@type\":\"WebPage\",\"@id\":\"https:\/\/mrpachocasino1.com\/pl\/registration-login\/\",\"url\":\"https:\/\/mrpachocasino1.com\/pl\/registration-login\/\",\"name\":\"Mr Pacho Casino Logowanie i Rejestracja\",\"isPartOf\":{\"@id\":\"https:\/\/mrpachocasino1.com\/pl\/#website\"},\"primaryImageOfPage\":{\"@id\":\"https:\/\/mrpachocasino1.com\/pl\/registration-login\/#primaryimage\"},\"image\":{\"@id\":\"https:\/\/mrpachocasino1.com\/pl\/registration-login\/#primaryimage\"},\"thumbnailUrl\":\"https:\/\/mrpachocasino1.com\/wp-content\/uploads\/2024\/08\/Registration-Login.webp\",\"datePublished\":\"2024-08-16T14:44:09+00:00\",\"dateModified\":\"2025-02-24T13:02:09+00:00\",\"description\":\"Proces logowania do Mr Pacho Casino wyja\u015bniony. Rejestracja dost\u0119pna dla wszystkich nowych graczy. Odbierz sw\u00f3j bonus powitalny i wygraj du\u017c\u0105 wygran\u0105!\",\"breadcrumb\":{\"@id\":\"https:\/\/mrpachocasino1.com\/pl\/registration-login\/#breadcrumb\"},\"inLanguage\":\"pl-PL\",\"potentialAction\":[{\"@type\":\"ReadAction\",\"target\":[\"https:\/\/mrpachocasino1.com\/pl\/registration-login\/\"]}]},{\"@type\":\"ImageObject\",\"inLanguage\":\"pl-PL\",\"@id\":\"https:\/\/mrpachocasino1.com\/pl\/registration-login\/#primaryimage\",\"url\":\"https:\/\/mrpachocasino1.com\/wp-content\/uploads\/2024\/08\/Registration-Login.webp\",\"contentUrl\":\"https:\/\/mrpachocasino1.com\/wp-content\/uploads\/2024\/08\/Registration-Login.webp\"},{\"@type\":\"BreadcrumbList\",\"@id\":\"https:\/\/mrpachocasino1.com\/pl\/registration-login\/#breadcrumb\",\"itemListElement\":[{\"@type\":\"ListItem\",\"position\":1,\"name\":\"Home\",\"item\":\"https:\/\/mrpachocasino1.com\/pl\/\"},{\"@type\":\"ListItem\",\"position\":2,\"name\":\"Registration &#038; Login\"}]},{\"@type\":\"WebSite\",\"@id\":\"https:\/\/mrpachocasino1.com\/pl\/#website\",\"url\":\"https:\/\/mrpachocasino1.com\/pl\/\",\"name\":\"\",\"description\":\"\",\"potentialAction\":[{\"@type\":\"SearchAction\",\"target\":{\"@type\":\"EntryPoint\",\"urlTemplate\":\"https:\/\/mrpachocasino1.com\/pl\/?s={search_term_string}\"},\"query-input\":{\"@type\":\"PropertyValueSpecification\",\"valueRequired\":true,\"valueName\":\"search_term_string\"}}],\"inLanguage\":\"pl-PL\"}]}<\/script>\n<!-- \/ Yoast SEO plugin. -->","yoast_head_json":{"title":"Mr Pacho Casino Logowanie i Rejestracja","description":"Proces logowania do Mr Pacho Casino wyja\u015bniony. Rejestracja dost\u0119pna dla wszystkich nowych graczy. Odbierz sw\u00f3j bonus powitalny i wygraj du\u017c\u0105 wygran\u0105!","robots":{"index":"index","follow":"follow","max-snippet":"max-snippet:-1","max-image-preview":"max-image-preview:large","max-video-preview":"max-video-preview:-1"},"canonical":"https:\/\/mrpachocasino1.com\/pl\/registration-login\/","og_locale":"pl_PL","og_type":"article","og_title":"Mr Pacho Casino Logowanie i Rejestracja","og_description":"Proces logowania do Mr Pacho Casino wyja\u015bniony. Rejestracja dost\u0119pna dla wszystkich nowych graczy. Odbierz sw\u00f3j bonus powitalny i wygraj du\u017c\u0105 wygran\u0105!","og_url":"https:\/\/mrpachocasino1.com\/pl\/registration-login\/","article_modified_time":"2025-02-24T13:02:09+00:00","og_image":[{"width":1200,"height":600,"url":"https:\/\/mrpachocasino1.com\/wp-content\/uploads\/2024\/08\/Registration-Login.webp","type":"image\/webp"}],"twitter_card":"summary_large_image","twitter_misc":{"Szacowany czas czytania":"3 minuty"},"schema":{"@context":"https:\/\/schema.org","@graph":[{"@type":"WebPage","@id":"https:\/\/mrpachocasino1.com\/pl\/registration-login\/","url":"https:\/\/mrpachocasino1.com\/pl\/registration-login\/","name":"Mr Pacho Casino Logowanie i Rejestracja","isPartOf":{"@id":"https:\/\/mrpachocasino1.com\/pl\/#website"},"primaryImageOfPage":{"@id":"https:\/\/mrpachocasino1.com\/pl\/registration-login\/#primaryimage"},"image":{"@id":"https:\/\/mrpachocasino1.com\/pl\/registration-login\/#primaryimage"},"thumbnailUrl":"https:\/\/mrpachocasino1.com\/wp-content\/uploads\/2024\/08\/Registration-Login.webp","datePublished":"2024-08-16T14:44:09+00:00","dateModified":"2025-02-24T13:02:09+00:00","description":"Proces logowania do Mr Pacho Casino wyja\u015bniony. Rejestracja dost\u0119pna dla wszystkich nowych graczy. Odbierz sw\u00f3j bonus powitalny i wygraj du\u017c\u0105 wygran\u0105!","breadcrumb":{"@id":"https:\/\/mrpachocasino1.com\/pl\/registration-login\/#breadcrumb"},"inLanguage":"pl-PL","potentialAction":[{"@type":"ReadAction","target":["https:\/\/mrpachocasino1.com\/pl\/registration-login\/"]}]},{"@type":"ImageObject","inLanguage":"pl-PL","@id":"https:\/\/mrpachocasino1.com\/pl\/registration-login\/#primaryimage","url":"https:\/\/mrpachocasino1.com\/wp-content\/uploads\/2024\/08\/Registration-Login.webp","contentUrl":"https:\/\/mrpachocasino1.com\/wp-content\/uploads\/2024\/08\/Registration-Login.webp"},{"@type":"BreadcrumbList","@id":"https:\/\/mrpachocasino1.com\/pl\/registration-login\/#breadcrumb","itemListElement":[{"@type":"ListItem","position":1,"name":"Home","item":"https:\/\/mrpachocasino1.com\/pl\/"},{"@type":"ListItem","position":2,"name":"Registration &#038; Login"}]},{"@type":"WebSite","@id":"https:\/\/mrpachocasino1.com\/pl\/#website","url":"https:\/\/mrpachocasino1.com\/pl\/","name":"","description":"","potentialAction":[{"@type":"SearchAction","target":{"@type":"EntryPoint","urlTemplate":"https:\/\/mrpachocasino1.com\/pl\/?s={search_term_string}"},"query-input":{"@type":"PropertyValueSpecification","valueRequired":true,"valueName":"search_term_string"}}],"inLanguage":"pl-PL"}]}},"_links":{"self":[{"href":"https:\/\/mrpachocasino1.com\/pl\/wp-json\/wp\/v2\/pages\/199","targetHints":{"allow":["GET"]}}],"collection":[{"href":"https:\/\/mrpachocasino1.com\/pl\/wp-json\/wp\/v2\/pages"}],"about":[{"href":"https:\/\/mrpachocasino1.com\/pl\/wp-json\/wp\/v2\/types\/page"}],"author":[{"embeddable":true,"href":"https:\/\/mrpachocasino1.com\/pl\/wp-json\/wp\/v2\/users\/1"}],"replies":[{"embeddable":true,"href":"https:\/\/mrpachocasino1.com\/pl\/wp-json\/wp\/v2\/comments?post=199"}],"version-history":[{"count":1,"href":"https:\/\/mrpachocasino1.com\/pl\/wp-json\/wp\/v2\/pages\/199\/revisions"}],"predecessor-version":[{"id":205,"href":"https:\/\/mrpachocasino1.com\/pl\/wp-json\/wp\/v2\/pages\/199\/revisions\/205"}],"wp:attachment":[{"href":"https:\/\/mrpachocasino1.com\/pl\/wp-json\/wp\/v2\/media?parent=199"}],"curies":[{"name":"wp","href":"https:\/\/api.w.org\/{rel}","templated":true}]}}